{"id":1745,"date":"2025-09-29T14:51:19","date_gmt":"2025-09-29T12:51:19","guid":{"rendered":"https:\/\/bez-energie.de\/?page_id=1745"},"modified":"2025-12-08T16:47:41","modified_gmt":"2025-12-08T15:47:41","slug":"jobs","status":"publish","type":"page","link":"https:\/\/bez-energie.de\/bar\/jobs\/","title":{"rendered":"Offene Stelln"},"content":{"rendered":"<div data-elementor-type=\"wp-page\" data-elementor-id=\"1745\" class=\"elementor elementor-1745\" data-elementor-post-type=\"page\">\n\t\t\t\t<div class=\"elementor-element elementor-element-d69c9b5 e-flex e-con-boxed e-con e-parent\" data-id=\"d69c9b5\" data-element_type=\"container\" data-e-type=\"container\" data-settings=\"{&quot;background_background&quot;:&quot;classic&quot;}\">\n\t\t\t\t\t<div class=\"e-con-inner\">\n\t\t\t\t<div class=\"elementor-element elementor-element-3e1f3dde elementor-widget__width-initial elementor-invisible elementor-widget elementor-widget-heading\" data-id=\"3e1f3dde\" data-element_type=\"widget\" data-e-type=\"widget\" data-settings=\"{&quot;_animation&quot;:&quot;fadeInUp&quot;}\" data-widget_type=\"heading.default\">\n\t\t\t\t<div class=\"elementor-widget-container\">\n\t\t\t\t\t<h1 class=\"elementor-heading-title elementor-size-default\">Wir suchen\n<span style=\"color: #FFFFFF;background-color: #5693CD;padding: 2px 5px\">\nDich!<\/span><\/span>\n\n<\/h1>\t\t\t\t<\/div>\n\t\t\t\t<\/div>\n\t\t\t\t<div class=\"elementor-element elementor-element-44ba3c4b elementor-widget__width-initial elementor-invisible elementor-widget elementor-widget-text-editor\" data-id=\"44ba3c4b\" data-element_type=\"widget\" data-e-type=\"widget\" data-settings=\"{&quot;_animation&quot;:&quot;fadeInUp&quot;}\" data-widget_type=\"text-editor.default\">\n\t\t\t\t<div class=\"elementor-widget-container\">\n\t\t\t\t\t\t\t\t\t<p>Du willst in einem wachsenden Unternehmen mit Sinn arbeiten? Beim Bayerischen Energiezentrum warten spannende Projekte rund um Photovoltaik, Speicher und Ladeinfrastruktur auf Dich. Wir bieten Dir ein starkes Team, moderne Arbeitsbedingungen und die Chance, mit Deinem Know-how echte Energiewende zu gestalten.<\/p>\t\t\t\t\t\t\t\t<\/div>\n\t\t\t\t<\/div>\n\t\t<div class=\"elementor-element elementor-element-9fa1845 e-con-full e-flex e-con e-child\" data-id=\"9fa1845\" data-element_type=\"container\" data-e-type=\"container\">\n\t\t<div class=\"elementor-element elementor-element-d362be2 e-con-full e-flex e-con e-child\" data-id=\"d362be2\" data-element_type=\"container\" data-e-type=\"container\">\n\t\t<div class=\"elementor-element elementor-element-b0ed4d0 e-con-full e-flex e-con e-child\" data-id=\"b0ed4d0\" data-element_type=\"container\" data-e-type=\"container\" data-settings=\"{&quot;background_background&quot;:&quot;classic&quot;}\">\n\t\t\t\t<div class=\"elementor-element elementor-element-424d9da elementor-widget__width-initial elementor-widget elementor-widget-text-editor\" data-id=\"424d9da\" data-element_type=\"widget\" data-e-type=\"widget\" data-widget_type=\"text-editor.default\">\n\t\t\t\t<div class=\"elementor-widget-container\">\n\t\t\t\t\t\t\t\t\t<span style=\"color: #ffffff; background-color: #5592cd; padding: 2px 5px;\">Vollzeit<\/span>\t\t\t\t\t\t\t\t<\/div>\n\t\t\t\t<\/div>\n\t\t\t\t<div class=\"elementor-element elementor-element-94d9504 elementor-widget__width-initial elementor-widget elementor-widget-heading\" data-id=\"94d9504\" data-element_type=\"widget\" data-e-type=\"widget\" data-widget_type=\"heading.default\">\n\t\t\t\t<div class=\"elementor-widget-container\">\n\t\t\t\t\t<h3 class=\"elementor-heading-title elementor-size-default\">Elektriker\/in  \/  Elektroplaner\/in (m\/w\/d) im Mittelspannungsbereich\n<\/h3>\t\t\t\t<\/div>\n\t\t\t\t<\/div>\n\t\t\t\t<div class=\"elementor-element elementor-element-69ad58b elementor-widget__width-initial mein-textbereich elementor-widget elementor-widget-text-editor\" data-id=\"69ad58b\" data-element_type=\"widget\" data-e-type=\"widget\" data-widget_type=\"text-editor.default\">\n\t\t\t\t<div class=\"elementor-widget-container\">\n\t\t\t\t\t\t\t\t\t<p>F\u00fcr die Ausf\u00fchrung unserer Photovoltaik-Projekte mit Batteriespeichersysteme suchen wir ab sofort <b>Elektriker\/in \/ Elektroplaner\/in (m\/w\/d) im Mittelspannungsbereich.<\/b><\/p>\t\t\t\t\t\t\t\t<\/div>\n\t\t\t\t<\/div>\n\t\t\t\t<div class=\"elementor-element elementor-element-6f10488 elementor-align-left elementor-invisible elementor-widget elementor-widget-button\" data-id=\"6f10488\" data-element_type=\"widget\" data-e-type=\"widget\" data-settings=\"{&quot;_animation&quot;:&quot;fadeInUp&quot;}\" data-widget_type=\"button.default\">\n\t\t\t\t<div class=\"elementor-widget-container\">\n\t\t\t\t\t\t\t\t\t<div class=\"elementor-button-wrapper\">\n\t\t\t\t\t<a class=\"elementor-button elementor-button-link elementor-size-sm\" href=\"\/bar\/elektriker-in-elektroplaner-in-m-w-d-im-mittelspannungsbereich\/\">\n\t\t\t\t\t\t<span class=\"elementor-button-content-wrapper\">\n\t\t\t\t\t\t\t\t\t<span class=\"elementor-button-text\">Mehra erfahr\u2019n<\/span>\n\t\t\t\t\t<\/span>\n\t\t\t\t\t<\/a>\n\t\t\t\t<\/div>\n\t\t\t\t\t\t\t\t<\/div>\n\t\t\t\t<\/div>\n\t\t\t\t<\/div>\n\t\t\t\t<\/div>\n\t\t<div class=\"elementor-element elementor-element-0885bf9 e-con-full deine-spalte e-flex e-con e-child\" data-id=\"0885bf9\" data-element_type=\"container\" data-e-type=\"container\">\n\t\t<div class=\"elementor-element elementor-element-7786e5a e-con-full e-flex e-con e-child\" data-id=\"7786e5a\" data-element_type=\"container\" data-e-type=\"container\" data-settings=\"{&quot;background_background&quot;:&quot;classic&quot;}\">\n\t\t\t\t<div class=\"elementor-element elementor-element-157b59a elementor-widget__width-initial elementor-widget elementor-widget-text-editor\" data-id=\"157b59a\" data-element_type=\"widget\" data-e-type=\"widget\" data-widget_type=\"text-editor.default\">\n\t\t\t\t<div class=\"elementor-widget-container\">\n\t\t\t\t\t\t\t\t\t<span style=\"color: #ffffff; background-color: #5592cd; padding: 2px 5px;\">Vollzeit <\/span>\t\t\t\t\t\t\t\t<\/div>\n\t\t\t\t<\/div>\n\t\t\t\t<div class=\"elementor-element elementor-element-a799d24 elementor-widget__width-initial elementor-widget elementor-widget-heading\" data-id=\"a799d24\" data-element_type=\"widget\" data-e-type=\"widget\" data-widget_type=\"heading.default\">\n\t\t\t\t<div class=\"elementor-widget-container\">\n\t\t\t\t\t<h3 class=\"elementor-heading-title elementor-size-default\">Elektriker\/in  \/  Elektroniker\/in (m\/w\/d) <br> &nbsp;\n<\/h3>\t\t\t\t<\/div>\n\t\t\t\t<\/div>\n\t\t\t\t<div class=\"elementor-element elementor-element-5f8e32a elementor-widget__width-initial mein-textbereich elementor-widget elementor-widget-text-editor\" data-id=\"5f8e32a\" data-element_type=\"widget\" data-e-type=\"widget\" data-widget_type=\"text-editor.default\">\n\t\t\t\t<div class=\"elementor-widget-container\">\n\t\t\t\t\t\t\t\t\t<p>F\u00fcr die Ausf\u00fchrung unserer Photovoltaik-Projekte mit Batteriespeichersysteme suchen wir ab sofort\u00a0<strong>Elektriker\/in \/ Elektroniker\/in (m\/w\/d). <\/strong> \u00a0<\/p>\t\t\t\t\t\t\t\t<\/div>\n\t\t\t\t<\/div>\n\t\t\t\t<div class=\"elementor-element elementor-element-7cb931a elementor-align-left elementor-invisible elementor-widget elementor-widget-button\" data-id=\"7cb931a\" data-element_type=\"widget\" data-e-type=\"widget\" data-settings=\"{&quot;_animation&quot;:&quot;fadeInUp&quot;}\" data-widget_type=\"button.default\">\n\t\t\t\t<div class=\"elementor-widget-container\">\n\t\t\t\t\t\t\t\t\t<div class=\"elementor-button-wrapper\">\n\t\t\t\t\t<a class=\"elementor-button elementor-button-link elementor-size-sm\" href=\"\/bar\/elektriker-in-elektroniker-in-m-w-d\/\">\n\t\t\t\t\t\t<span class=\"elementor-button-content-wrapper\">\n\t\t\t\t\t\t\t\t\t<span class=\"elementor-button-text\">Mehra erfahr\u2019n<\/span>\n\t\t\t\t\t<\/span>\n\t\t\t\t\t<\/a>\n\t\t\t\t<\/div>\n\t\t\t\t\t\t\t\t<\/div>\n\t\t\t\t<\/div>\n\t\t\t\t<\/div>\n\t\t\t\t<\/div>\n\t\t<div class=\"elementor-element elementor-element-388fab1 e-con-full e-flex e-con e-child\" data-id=\"388fab1\" data-element_type=\"container\" data-e-type=\"container\">\n\t\t<div class=\"elementor-element elementor-element-f534b90 e-con-full e-flex e-con e-child\" data-id=\"f534b90\" data-element_type=\"container\" data-e-type=\"container\" data-settings=\"{&quot;background_background&quot;:&quot;classic&quot;}\">\n\t\t\t\t<div class=\"elementor-element elementor-element-7049a0d elementor-widget__width-initial elementor-widget elementor-widget-text-editor\" data-id=\"7049a0d\" data-element_type=\"widget\" data-e-type=\"widget\" data-widget_type=\"text-editor.default\">\n\t\t\t\t<div class=\"elementor-widget-container\">\n\t\t\t\t\t\t\t\t\t<span style=\"color: #ffffff; background-color: #5592cd; padding: 2px 5px;\">Voll- oder Teilzeit<\/span>\t\t\t\t\t\t\t\t<\/div>\n\t\t\t\t<\/div>\n\t\t\t\t<div class=\"elementor-element elementor-element-a85954c elementor-widget__width-initial elementor-widget elementor-widget-heading\" data-id=\"a85954c\" data-element_type=\"widget\" data-e-type=\"widget\" data-widget_type=\"heading.default\">\n\t\t\t\t<div class=\"elementor-widget-container\">\n\t\t\t\t\t<h3 class=\"elementor-heading-title elementor-size-default\">Au\u00dfendienstmitarbeiter\/in (m\/w\/d) <br> &nbsp;\n<\/h3>\t\t\t\t<\/div>\n\t\t\t\t<\/div>\n\t\t\t\t<div class=\"elementor-element elementor-element-e734f5d elementor-widget__width-initial mein-textbereich elementor-widget elementor-widget-text-editor\" data-id=\"e734f5d\" data-element_type=\"widget\" data-e-type=\"widget\" data-widget_type=\"text-editor.default\">\n\t\t\t\t<div class=\"elementor-widget-container\">\n\t\t\t\t\t\t\t\t\t<p>F\u00fcr die Verst\u00e4rkung unseres Teams suchen wir zum n\u00e4chstm\u00f6glichen Zeitpunkt einen\/eine\u00a0<strong>Au\u00dfendienstmitarbeiter\/in (m\/w\/d).<\/strong><\/p>\t\t\t\t\t\t\t\t<\/div>\n\t\t\t\t<\/div>\n\t\t\t\t<div class=\"elementor-element elementor-element-e67fb7a elementor-align-left elementor-invisible elementor-widget elementor-widget-button\" data-id=\"e67fb7a\" data-element_type=\"widget\" data-e-type=\"widget\" data-settings=\"{&quot;_animation&quot;:&quot;fadeInUp&quot;}\" data-widget_type=\"button.default\">\n\t\t\t\t<div class=\"elementor-widget-container\">\n\t\t\t\t\t\t\t\t\t<div class=\"elementor-button-wrapper\">\n\t\t\t\t\t<a class=\"elementor-button elementor-button-link elementor-size-sm\" href=\"\/bar\/aussendienstmitarbeiter-in-m-w-d\/\">\n\t\t\t\t\t\t<span class=\"elementor-button-content-wrapper\">\n\t\t\t\t\t\t\t\t\t<span class=\"elementor-button-text\">Mehra erfahr\u2019n<\/span>\n\t\t\t\t\t<\/span>\n\t\t\t\t\t<\/a>\n\t\t\t\t<\/div>\n\t\t\t\t\t\t\t\t<\/div>\n\t\t\t\t<\/div>\n\t\t\t\t<\/div>\n\t\t\t\t<\/div>\n\t\t\t\t<\/div>\n\t\t\t\t\t<\/div>\n\t\t\t\t<\/div>\n\t\t\t\t<\/div>","protected":false},"excerpt":{"rendered":"<p>Wir suchen Dich! Du willst in einem wachsenden Unternehmen mit Sinn arbeiten? Beim Bayerischen Energiezentrum warten spannende Projekte rund um Photovoltaik, Speicher und Ladeinfrastruktur auf Dich. Wir bieten Dir ein starkes Team, moderne Arbeitsbedingungen und die Chance, mit Deinem Know-how echte Energiewende zu gestalten. Vollzeit Elektriker\/in \/ Elektroplaner\/in (m\/w\/d) im Mittelspannungsbereich F\u00fcr die Ausf\u00fchrung unserer [&hellip;]<\/p>\n","protected":false},"author":1,"featured_media":0,"parent":0,"menu_order":0,"comment_status":"closed","ping_status":"closed","template":"elementor_header_footer","meta":{"footnotes":""},"class_list":["post-1745","page","type-page","status-publish","hentry"],"yoast_head":"<!-- This site is optimized with the Yoast SEO plugin v27.0 - https:\/\/yoast.com\/product\/yoast-seo-wordpress\/ -->\r\n<title>Jobs - Bayerisches Energiezentrum<\/title>\r\n<meta name=\"robots\" content=\"index, follow, max-snippet:-1, max-image-preview:large, max-video-preview:-1\" \/>\r\n<link rel=\"canonical\" href=\"https:\/\/bez-energie.de\/bar\/jobs\/\" \/>\r\n<meta property=\"og:locale\" content=\"en_US\" \/>\r\n<meta property=\"og:type\" content=\"article\" \/>\r\n<meta property=\"og:title\" content=\"Jobs - Bayerisches Energiezentrum\" \/>\r\n<meta property=\"og:description\" content=\"Wir suchen Dich! Du willst in einem wachsenden Unternehmen mit Sinn arbeiten? Beim Bayerischen Energiezentrum warten spannende Projekte rund um Photovoltaik, Speicher und Ladeinfrastruktur auf Dich. Wir bieten Dir ein starkes Team, moderne Arbeitsbedingungen und die Chance, mit Deinem Know-how echte Energiewende zu gestalten. Vollzeit Elektriker\/in \/ Elektroplaner\/in (m\/w\/d) im Mittelspannungsbereich F\u00fcr die Ausf\u00fchrung unserer [&hellip;]\" \/>\r\n<meta property=\"og:url\" content=\"https:\/\/bez-energie.de\/bar\/jobs\/\" \/>\r\n<meta property=\"og:site_name\" content=\"Bayerisches Energiezentrum\" \/>\r\n<meta property=\"article:publisher\" content=\"https:\/\/www.facebook.com\/bezenergie\/?locale=de_DE\" \/>\r\n<meta property=\"article:modified_time\" content=\"2025-12-08T15:47:41+00:00\" \/>\r\n<meta name=\"twitter:card\" content=\"summary_large_image\" \/>\r\n<meta name=\"twitter:label1\" content=\"Est. reading time\" \/>\n\t<meta name=\"twitter:data1\" content=\"1 minute\" \/>\r\n<script type=\"application\/ld+json\" class=\"yoast-schema-graph\">{\"@context\":\"https:\/\/schema.org\",\"@graph\":[{\"@type\":\"WebPage\",\"@id\":\"https:\/\/bez-energie.de\/jobs\/\",\"url\":\"https:\/\/bez-energie.de\/jobs\/\",\"name\":\"Jobs - Bayerisches Energiezentrum\",\"isPartOf\":{\"@id\":\"https:\/\/bez-energie.de\/#website\"},\"datePublished\":\"2025-09-29T12:51:19+00:00\",\"dateModified\":\"2025-12-08T15:47:41+00:00\",\"breadcrumb\":{\"@id\":\"https:\/\/bez-energie.de\/jobs\/#breadcrumb\"},\"inLanguage\":\"bar\",\"potentialAction\":[{\"@type\":\"ReadAction\",\"target\":[\"https:\/\/bez-energie.de\/jobs\/\"]}]},{\"@type\":\"BreadcrumbList\",\"@id\":\"https:\/\/bez-energie.de\/jobs\/#breadcrumb\",\"itemListElement\":[{\"@type\":\"ListItem\",\"position\":1,\"name\":\"Startseite\",\"item\":\"https:\/\/bez-energie.de\/\"},{\"@type\":\"ListItem\",\"position\":2,\"name\":\"Jobs\"}]},{\"@type\":\"WebSite\",\"@id\":\"https:\/\/bez-energie.de\/#website\",\"url\":\"https:\/\/bez-energie.de\/\",\"name\":\"Bayerisches Energiezentrum\",\"description\":\"Wir gestalten Energie von morgen \u2013 nachhaltig, effizient, zukunftssicher.\",\"publisher\":{\"@id\":\"https:\/\/bez-energie.de\/#organization\"},\"potentialAction\":[{\"@type\":\"SearchAction\",\"target\":{\"@type\":\"EntryPoint\",\"urlTemplate\":\"https:\/\/bez-energie.de\/?s={search_term_string}\"},\"query-input\":{\"@type\":\"PropertyValueSpecification\",\"valueRequired\":true,\"valueName\":\"search_term_string\"}}],\"inLanguage\":\"bar\"},{\"@type\":\"Organization\",\"@id\":\"https:\/\/bez-energie.de\/#organization\",\"name\":\"Bayerisches Energiezentrum\",\"url\":\"https:\/\/bez-energie.de\/\",\"logo\":{\"@type\":\"ImageObject\",\"inLanguage\":\"bar\",\"@id\":\"https:\/\/bez-energie.de\/#\/schema\/logo\/image\/\",\"url\":\"https:\/\/bez-energie.de\/wp-content\/uploads\/2025\/03\/BEZ_Logo_transparent_CMYK-1.png\",\"contentUrl\":\"https:\/\/bez-energie.de\/wp-content\/uploads\/2025\/03\/BEZ_Logo_transparent_CMYK-1.png\",\"width\":1357,\"height\":589,\"caption\":\"Bayerisches Energiezentrum\"},\"image\":{\"@id\":\"https:\/\/bez-energie.de\/#\/schema\/logo\/image\/\"},\"sameAs\":[\"https:\/\/www.facebook.com\/bezenergie\/?locale=de_DE\",\"https:\/\/www.instagram.com\/bayerischesenergiezentrum\/\"]}]}<\/script>\r\n<!-- \/ Yoast SEO plugin. -->","yoast_head_json":{"title":"Jobs - Bayerisches Energiezentrum","robots":{"index":"index","follow":"follow","max-snippet":"max-snippet:-1","max-image-preview":"max-image-preview:large","max-video-preview":"max-video-preview:-1"},"canonical":"https:\/\/bez-energie.de\/bar\/jobs\/","og_locale":"en_US","og_type":"article","og_title":"Jobs - Bayerisches Energiezentrum","og_description":"Wir suchen Dich! Du willst in einem wachsenden Unternehmen mit Sinn arbeiten? Beim Bayerischen Energiezentrum warten spannende Projekte rund um Photovoltaik, Speicher und Ladeinfrastruktur auf Dich. Wir bieten Dir ein starkes Team, moderne Arbeitsbedingungen und die Chance, mit Deinem Know-how echte Energiewende zu gestalten. Vollzeit Elektriker\/in \/ Elektroplaner\/in (m\/w\/d) im Mittelspannungsbereich F\u00fcr die Ausf\u00fchrung unserer [&hellip;]","og_url":"https:\/\/bez-energie.de\/bar\/jobs\/","og_site_name":"Bayerisches Energiezentrum","article_publisher":"https:\/\/www.facebook.com\/bezenergie\/?locale=de_DE","article_modified_time":"2025-12-08T15:47:41+00:00","twitter_card":"summary_large_image","twitter_misc":{"Est. reading time":"1 minute"},"schema":{"@context":"https:\/\/schema.org","@graph":[{"@type":"WebPage","@id":"https:\/\/bez-energie.de\/jobs\/","url":"https:\/\/bez-energie.de\/jobs\/","name":"Jobs - Bayerisches Energiezentrum","isPartOf":{"@id":"https:\/\/bez-energie.de\/#website"},"datePublished":"2025-09-29T12:51:19+00:00","dateModified":"2025-12-08T15:47:41+00:00","breadcrumb":{"@id":"https:\/\/bez-energie.de\/jobs\/#breadcrumb"},"inLanguage":"bar","potentialAction":[{"@type":"ReadAction","target":["https:\/\/bez-energie.de\/jobs\/"]}]},{"@type":"BreadcrumbList","@id":"https:\/\/bez-energie.de\/jobs\/#breadcrumb","itemListElement":[{"@type":"ListItem","position":1,"name":"Startseite","item":"https:\/\/bez-energie.de\/"},{"@type":"ListItem","position":2,"name":"Jobs"}]},{"@type":"WebSite","@id":"https:\/\/bez-energie.de\/#website","url":"https:\/\/bez-energie.de\/","name":"Bayerisches Energiezentrum","description":"Wir gestalten Energie von morgen \u2013 nachhaltig, effizient, zukunftssicher.","publisher":{"@id":"https:\/\/bez-energie.de\/#organization"},"potentialAction":[{"@type":"SearchAction","target":{"@type":"EntryPoint","urlTemplate":"https:\/\/bez-energie.de\/?s={search_term_string}"},"query-input":{"@type":"PropertyValueSpecification","valueRequired":true,"valueName":"search_term_string"}}],"inLanguage":"bar"},{"@type":"Organization","@id":"https:\/\/bez-energie.de\/#organization","name":"Bayerisches Energiezentrum","url":"https:\/\/bez-energie.de\/","logo":{"@type":"ImageObject","inLanguage":"bar","@id":"https:\/\/bez-energie.de\/#\/schema\/logo\/image\/","url":"https:\/\/bez-energie.de\/wp-content\/uploads\/2025\/03\/BEZ_Logo_transparent_CMYK-1.png","contentUrl":"https:\/\/bez-energie.de\/wp-content\/uploads\/2025\/03\/BEZ_Logo_transparent_CMYK-1.png","width":1357,"height":589,"caption":"Bayerisches Energiezentrum"},"image":{"@id":"https:\/\/bez-energie.de\/#\/schema\/logo\/image\/"},"sameAs":["https:\/\/www.facebook.com\/bezenergie\/?locale=de_DE","https:\/\/www.instagram.com\/bayerischesenergiezentrum\/"]}]}},"_links":{"self":[{"href":"https:\/\/bez-energie.de\/bar\/wp-json\/wp\/v2\/pages\/1745","targetHints":{"allow":["GET"]}}],"collection":[{"href":"https:\/\/bez-energie.de\/bar\/wp-json\/wp\/v2\/pages"}],"about":[{"href":"https:\/\/bez-energie.de\/bar\/wp-json\/wp\/v2\/types\/page"}],"author":[{"embeddable":true,"href":"https:\/\/bez-energie.de\/bar\/wp-json\/wp\/v2\/users\/1"}],"replies":[{"embeddable":true,"href":"https:\/\/bez-energie.de\/bar\/wp-json\/wp\/v2\/comments?post=1745"}],"version-history":[{"count":0,"href":"https:\/\/bez-energie.de\/bar\/wp-json\/wp\/v2\/pages\/1745\/revisions"}],"wp:attachment":[{"href":"https:\/\/bez-energie.de\/bar\/wp-json\/wp\/v2\/media?parent=1745"}],"curies":[{"name":"wp","href":"https:\/\/api.w.org\/{rel}","templated":true}]}}